{"id":28,"date":"2017-05-19T19:13:52","date_gmt":"2017-05-19T19:13:52","guid":{"rendered":"https:\/\/www.lucieurbanova.cz\/?page_id=28"},"modified":"2025-03-05T20:35:02","modified_gmt":"2025-03-05T20:35:02","slug":"cenik","status":"publish","type":"page","link":"https:\/\/www.lucieurbanova.cz\/?page_id=28","title":{"rendered":"CEN\u00cdK"},"content":{"rendered":"<p><span style=\"font-weight: 400;\"><strong>TERAPIE<\/strong>\u00a0<\/span><\/p>\n<p><span style=\"font-weight: 400;\">Prvn\u00ed setk\u00e1n\u00ed (vy\u0161et\u0159en\u00ed a terapie, cca 55 minut) \u2026 1300 K\u010d\u00a0<\/span><\/p>\n<p><span style=\"font-weight: 400;\">Dal\u0161\u00ed terapie (cca 40 minut) &#8230;\u00a0 1100 K\u010d *\u00a0\u00a0<\/span><\/p>\n<p><strong>J\u00d3GA<\/strong> individu\u00e1ln\u00ed<\/p>\n<p>Lekce (cca 45 minut) &#8230; 1100 K\u010d <span style=\"font-weight: 400;\">*<\/span><\/p>\n<p><span style=\"font-weight: 400;\">* Mo\u017enost slevy pro \u017eeny na mate\u0159sk\u00e9, d\u011bti, d\u016fchodce a klienty ve\u00a0<\/span><span style=\"font-weight: 400;\"> finan\u010dn\u00ed\u00a0 <\/span><span style=\"font-weight: 400;\">nouzi<\/span><\/p>\n<p>S ohledem na m\u011b a dal\u0161\u00ed klienty se klient rezervac\u00ed term\u00ednu zavazuje k respektov\u00e1n\u00ed podm\u00ednky o stornov\u00e1n\u00ed terapie nejpozd\u011bji 24 hodin p\u0159edem, jinak po\u017eaduji n\u00e1hradu v nejni\u017e\u0161\u00ed, ale pln\u00e9 v\u00fd\u0161i.<\/p>\n<p><span style=\"font-weight: 400;\"> V p\u0159\u00edpad\u011b speci\u00e1ln\u00edch po\u017eadavk\u016f (terapie u V\u00e1s, terapie jako d\u00e1rek, terapie mimo obvyklou pracovn\u00ed dobu) je cena nastaviteln\u00e1 dohodou.<\/span><\/p>\n\n\n<p><\/p>\n","protected":false},"excerpt":{"rendered":"<p>TERAPIE\u00a0 Prvn\u00ed setk\u00e1n\u00ed (vy\u0161et\u0159en\u00ed a terapie, cca 55 minut) \u2026 1300 K\u010d\u00a0 Dal\u0161\u00ed terapie (cca 40 minut) &#8230;\u00a0 1100 K\u010d *\u00a0\u00a0 J\u00d3GA individu\u00e1ln\u00ed Lekce (cca 45 minut) &#8230; 1100 K\u010d * * Mo\u017enost slevy pro \u017eeny na mate\u0159sk\u00e9, d\u011bti, d\u016fchodce a klienty ve\u00a0 finan\u010dn\u00ed\u00a0 nouzi S ohledem na m\u011b a dal\u0161\u00ed klienty se klient rezervac\u00ed &hellip; <\/p>\n<p class=\"link-more\"><a href=\"https:\/\/www.lucieurbanova.cz\/?page_id=28\" class=\"more-link\">Pokra\u010dovat ve \u010dten\u00ed<span class=\"screen-reader-text\"> &#8222;CEN\u00cdK&#8220;<\/span><\/a><\/p>\n","protected":false},"author":1,"featured_media":344,"parent":0,"menu_order":0,"comment_status":"closed","ping_status":"closed","template":"","meta":{"footnotes":""},"class_list":["post-28","page","type-page","status-publish","has-post-thumbnail","hentry"],"_links":{"self":[{"href":"https:\/\/www.lucieurbanova.cz\/index.php?rest_route=\/wp\/v2\/pages\/28","targetHints":{"allow":["GET"]}}],"collection":[{"href":"https:\/\/www.lucieurbanova.cz\/index.php?rest_route=\/wp\/v2\/pages"}],"about":[{"href":"https:\/\/www.lucieurbanova.cz\/index.php?rest_route=\/wp\/v2\/types\/page"}],"author":[{"embeddable":true,"href":"https:\/\/www.lucieurbanova.cz\/index.php?rest_route=\/wp\/v2\/users\/1"}],"replies":[{"embeddable":true,"href":"https:\/\/www.lucieurbanova.cz\/index.php?rest_route=%2Fwp%2Fv2%2Fcomments&post=28"}],"version-history":[{"count":24,"href":"https:\/\/www.lucieurbanova.cz\/index.php?rest_route=\/wp\/v2\/pages\/28\/revisions"}],"predecessor-version":[{"id":717,"href":"https:\/\/www.lucieurbanova.cz\/index.php?rest_route=\/wp\/v2\/pages\/28\/revisions\/717"}],"wp:featuredmedia":[{"embeddable":true,"href":"https:\/\/www.lucieurbanova.cz\/index.php?rest_route=\/wp\/v2\/media\/344"}],"wp:attachment":[{"href":"https:\/\/www.lucieurbanova.cz\/index.php?rest_route=%2Fwp%2Fv2%2Fmedia&parent=28"}],"curies":[{"name":"wp","href":"https:\/\/api.w.org\/{rel}","templated":true}]}}