{"id":29,"date":"2017-05-19T19:13:53","date_gmt":"2017-05-19T19:13:53","guid":{"rendered":"https:\/\/www.lucieurbanova.cz\/?page_id=29"},"modified":"2023-04-10T09:22:05","modified_gmt":"2023-04-10T09:22:05","slug":"kontakt","status":"publish","type":"page","link":"https:\/\/www.lucieurbanova.cz\/?page_id=29","title":{"rendered":"KONTAKT"},"content":{"rendered":"<p><strong>TELEFON<\/strong>\u00a0 \u00a0 \u00a0 \u00a0+420 777 793 968<\/p>\n<p><strong>ADRESA\u00a0 \u00a0 \u00a0 \u00a0<\/strong>Zbraslavsk\u00e1 poliklinika, hl. budova, 3.patro, <a href=\"https:\/\/goo.gl\/maps\/a1ZXmMywuxq\">Mapa<\/a><span style=\"font-weight: 400;\">\u00a0<\/span><\/p>\n<div id=\"wpgmza_map\" class=\"wpgmza_map\" data-settings='{\"id\":\"1\",\"map_title\":\"My first map\",\"map_width\":\"100\",\"map_height\":\"400\",\"map_start_lat\":\"49.973839\",\"map_start_lng\":\"14.395491\",\"map_start_location\":\"49.9738388392839,14.395491052418945\",\"map_start_zoom\":\"17\",\"default_marker\":\"0\",\"type\":\"1\",\"alignment\":\"1\",\"directions_enabled\":\"1\",\"styling_enabled\":\"0\",\"styling_json\":\"\",\"active\":\"0\",\"kml\":\"\",\"bicycle\":\"0\",\"traffic\":\"0\",\"dbox\":\"1\",\"dbox_width\":\"100\",\"listmarkers\":\"0\",\"listmarkers_advanced\":\"0\",\"filterbycat\":\"0\",\"ugm_enabled\":\"0\",\"ugm_category_enabled\":\"0\",\"fusion\":\"\",\"map_width_type\":\"\\\\%\",\"map_height_type\":\"px\",\"mass_marker_support\":\"1\",\"ugm_access\":\"0\",\"order_markers_by\":\"1\",\"order_markers_choice\":\"2\",\"show_user_location\":\"0\",\"default_to\":\"\",\"other_settings\":{\"store_locator_enabled\":2,\"store_locator_distance\":2,\"store_locator_default_radius\":1,\"store_locator_not_found_message\":\"No results found in this location. Please try again.\",\"store_locator_bounce\":1,\"store_locator_query_string\":\"ZIP \\\/ Address:\",\"store_locator_default_address\":\"\",\"wpgmza_store_locator_restrict\":\"\",\"store_locator_style\":\"modern\",\"wpgmza_store_locator_radius_style\":\"modern\",\"map_max_zoom\":\"1\",\"transport_layer\":0,\"wpgmza_show_points_of_interest\":0,\"wpgmza_auto_night\":0}}' data-map-id='1' Data-maps-engine='open-layers' data-shortcode-attributes='{\"id\":\"1\"}' style=\"display:block; overflow:auto; width:100%; height:400px; float:left;\"><\/div>\n<p><span style=\"font-weight: 400;\">Dopravn\u00ed dostupnost z centra je autobusy MHD na Zbraslavsk\u00e9 n\u00e1m\u011bst\u00ed nebo <\/span><span style=\"font-weight: 400;\">k mostu Z\u00e1vodu m\u00edru. Parkov\u00e1n\u00ed u are\u00e1lu polikliniky je s parkovac\u00edmi hodinami (k dost\u00e1n\u00ed nap\u0159\u00edklad na po\u0161t\u011b), ale b\u00fdv\u00e1 n\u011bkdy pln\u011b\u00a0 obsazen\u00e9.\u00a0 Na Zbraslavsk\u00e9m n\u00e1m\u011bst\u00ed mo\u017enost placen\u00e9ho parkovi\u0161t\u011b.<\/span><\/p>\n<h5><\/h5>\n","protected":false},"excerpt":{"rendered":"<p>TELEFON\u00a0 \u00a0 \u00a0 \u00a0+420 777 793 968 ADRESA\u00a0 \u00a0 \u00a0 \u00a0Zbraslavsk\u00e1 poliklinika, hl. budova, 3.patro, Mapa\u00a0 Dopravn\u00ed dostupnost z centra je autobusy MHD na Zbraslavsk\u00e9 n\u00e1m\u011bst\u00ed nebo k mostu Z\u00e1vodu m\u00edru. Parkov\u00e1n\u00ed u are\u00e1lu polikliniky je s parkovac\u00edmi hodinami (k dost\u00e1n\u00ed nap\u0159\u00edklad na po\u0161t\u011b), ale b\u00fdv\u00e1 n\u011bkdy pln\u011b\u00a0 obsazen\u00e9.\u00a0 Na Zbraslavsk\u00e9m n\u00e1m\u011bst\u00ed mo\u017enost placen\u00e9ho parkovi\u0161t\u011b.<\/p>\n","protected":false},"author":1,"featured_media":23,"parent":0,"menu_order":0,"comment_status":"closed","ping_status":"closed","template":"","meta":{"footnotes":""},"class_list":["post-29","page","type-page","status-publish","has-post-thumbnail","hentry"],"_links":{"self":[{"href":"https:\/\/www.lucieurbanova.cz\/index.php?rest_route=\/wp\/v2\/pages\/29","targetHints":{"allow":["GET"]}}],"collection":[{"href":"https:\/\/www.lucieurbanova.cz\/index.php?rest_route=\/wp\/v2\/pages"}],"about":[{"href":"https:\/\/www.lucieurbanova.cz\/index.php?rest_route=\/wp\/v2\/types\/page"}],"author":[{"embeddable":true,"href":"https:\/\/www.lucieurbanova.cz\/index.php?rest_route=\/wp\/v2\/users\/1"}],"replies":[{"embeddable":true,"href":"https:\/\/www.lucieurbanova.cz\/index.php?rest_route=%2Fwp%2Fv2%2Fcomments&post=29"}],"version-history":[{"count":47,"href":"https:\/\/www.lucieurbanova.cz\/index.php?rest_route=\/wp\/v2\/pages\/29\/revisions"}],"predecessor-version":[{"id":691,"href":"https:\/\/www.lucieurbanova.cz\/index.php?rest_route=\/wp\/v2\/pages\/29\/revisions\/691"}],"wp:featuredmedia":[{"embeddable":true,"href":"https:\/\/www.lucieurbanova.cz\/index.php?rest_route=\/wp\/v2\/media\/23"}],"wp:attachment":[{"href":"https:\/\/www.lucieurbanova.cz\/index.php?rest_route=%2Fwp%2Fv2%2Fmedia&parent=29"}],"curies":[{"name":"wp","href":"https:\/\/api.w.org\/{rel}","templated":true}]}}